{"id":756,"date":"2020-12-02T18:21:05","date_gmt":"2020-12-02T18:21:05","guid":{"rendered":"http:\/\/em-tec.eu\/?page_id=756"},"modified":"2023-09-17T09:18:25","modified_gmt":"2023-09-17T09:18:25","slug":"schnellwechsler-2","status":"publish","type":"page","link":"https:\/\/em-tec.eu\/?page_id=756","title":{"rendered":"Schnellwechsler"},"content":{"rendered":"\t\t<div data-elementor-type=\"wp-page\" data-elementor-id=\"756\" class=\"elementor elementor-756\" data-elementor-settings=\"[]\">\n\t\t\t\t\t\t<div class=\"elementor-inner\">\n\t\t\t\t\t\t\t<div class=\"elementor-section-wrap\">\n\t\t\t\t\t\t\t<section class=\"elementor-section elementor-top-section elementor-element elementor-element-3b73a32 elementor-section-boxed elementor-section-height-default elementor-section-height-default\" data-id=\"3b73a32\" data-element_type=\"section\">\n\t\t\t\t\t\t<div class=\"elementor-container elementor-column-gap-default\">\n\t\t\t\t\t\t\t<div class=\"elementor-row\">\n\t\t\t\t\t<div class=\"elementor-column elementor-col-50 elementor-top-column elementor-element elementor-element-f332f0c\" data-id=\"f332f0c\" data-element_type=\"column\">\n\t\t\t<div class=\"elementor-column-wrap elementor-element-populated\">\n\t\t\t\t\t\t\t<div class=\"elementor-widget-wrap\">\n\t\t\t\t\t\t<div class=\"elementor-element elementor-element-2a33ad3 elementor-arrows-position-inside elementor-widget elementor-widget-image-carousel\" data-id=\"2a33ad3\" data-element_type=\"widget\" data-settings=\"{&quot;navigation&quot;:&quot;arrows&quot;,&quot;image_spacing_custom&quot;:{&quot;unit&quot;:&quot;px&quot;,&quot;size&quot;:15,&quot;sizes&quot;:[]},&quot;autoplay&quot;:&quot;yes&quot;,&quot;pause_on_hover&quot;:&quot;yes&quot;,&quot;pause_on_interaction&quot;:&quot;yes&quot;,&quot;autoplay_speed&quot;:5000,&quot;infinite&quot;:&quot;yes&quot;,&quot;speed&quot;:500}\" data-widget_type=\"image-carousel.default\">\n\t\t\t\t<div class=\"elementor-widget-container\">\n\t\t\t<span id=2a33ad3><\/span>\t\t<div class=\"elementor-image-carousel-wrapper swiper-container\" dir=\"ltr\">\n\t\t\t<div class=\"elementor-image-carousel swiper-wrapper swiper-image-stretch\">\n\t\t\t\t<div class=\"swiper-slide\"><figure class=\"swiper-slide-inner\"><img class=\"swiper-slide-image\" src=\"https:\/\/em-tec.eu\/wp-content\/uploads\/2020\/11\/1592-768x576.jpg\" alt=\"1592\" \/><\/figure><\/div><div class=\"swiper-slide\"><figure class=\"swiper-slide-inner\"><img class=\"swiper-slide-image\" src=\"https:\/\/em-tec.eu\/wp-content\/uploads\/2020\/11\/1574-768x576.jpg\" alt=\"1574\" \/><\/figure><\/div><div class=\"swiper-slide\"><figure class=\"swiper-slide-inner\"><img class=\"swiper-slide-image\" src=\"https:\/\/em-tec.eu\/wp-content\/uploads\/2020\/11\/1589-768x576.jpg\" alt=\"1589\" \/><\/figure><\/div><div class=\"swiper-slide\"><figure class=\"swiper-slide-inner\"><img class=\"swiper-slide-image\" src=\"https:\/\/em-tec.eu\/wp-content\/uploads\/2020\/11\/1618-768x576.jpg\" alt=\"1618\" \/><\/figure><\/div>\t\t\t<\/div>\n\t\t\t\t\t\t\t\t\t\t\t\t\t\t\t\t<div class=\"elementor-swiper-button elementor-swiper-button-prev\">\n\t\t\t\t\t\t<i class=\"eicon-chevron-left\" aria-hidden=\"true\"><\/i>\n\t\t\t\t\t\t<span class=\"elementor-screen-only\">Zur\u00fcck<\/span>\n\t\t\t\t\t<\/div>\n\t\t\t\t\t<div class=\"elementor-swiper-button elementor-swiper-button-next\">\n\t\t\t\t\t\t<i class=\"eicon-chevron-right\" aria-hidden=\"true\"><\/i>\n\t\t\t\t\t\t<span class=\"elementor-screen-only\">Weiter<\/span>\n\t\t\t\t\t<\/div>\n\t\t\t\t\t\t\t\t\t<\/div>\n\t\t\t\t<\/div>\n\t\t\t\t<\/div>\n\t\t\t\t\t\t<\/div>\n\t\t\t\t\t<\/div>\n\t\t<\/div>\n\t\t\t\t<div class=\"elementor-column elementor-col-50 elementor-top-column elementor-element elementor-element-5025a9b\" data-id=\"5025a9b\" data-element_type=\"column\">\n\t\t\t<div class=\"elementor-column-wrap elementor-element-populated\">\n\t\t\t\t\t\t\t<div class=\"elementor-widget-wrap\">\n\t\t\t\t\t\t<div class=\"elementor-element elementor-element-fc9332e elementor-widget elementor-widget-heading\" data-id=\"fc9332e\" data-element_type=\"widget\" data-widget_type=\"heading.default\">\n\t\t\t\t<div class=\"elementor-widget-container\">\n\t\t\t<span id=fc9332e><\/span><h2 class=\"elementor-heading-title elementor-size-xl\">NEU: \nEin Sicherheitssystem f\u00fcr \nentspannte Baggerstunden                                          <\/h2>\t\t<\/div>\n\t\t\t\t<\/div>\n\t\t\t\t\t\t<\/div>\n\t\t\t\t\t<\/div>\n\t\t<\/div>\n\t\t\t\t\t\t\t\t<\/div>\n\t\t\t\t\t<\/div>\n\t\t<\/section>\n\t\t\t\t<section class=\"elementor-section elementor-top-section elementor-element elementor-element-6bfa95a elementor-section-boxed elementor-section-height-default elementor-section-height-default\" data-id=\"6bfa95a\" data-element_type=\"section\">\n\t\t\t\t\t\t\t<div class=\"elementor-background-overlay\"><\/div>\n\t\t\t\t\t\t\t<div class=\"elementor-container elementor-column-gap-default\">\n\t\t\t\t\t\t\t<div class=\"elementor-row\">\n\t\t\t\t\t<div class=\"elementor-column elementor-col-100 elementor-top-column elementor-element elementor-element-bd660f0\" data-id=\"bd660f0\" data-element_type=\"column\">\n\t\t\t<div class=\"elementor-column-wrap elementor-element-populated\">\n\t\t\t\t\t\t\t<div class=\"elementor-widget-wrap\">\n\t\t\t\t\t\t<div class=\"elementor-element elementor-element-aae0365 elementor-widget elementor-widget-spacer\" data-id=\"aae0365\" data-element_type=\"widget\" data-widget_type=\"spacer.default\">\n\t\t\t\t<div class=\"elementor-widget-container\">\n\t\t\t<span id=aae0365><\/span>\t\t<div class=\"elementor-spacer\">\n\t\t\t<div class=\"elementor-spacer-inner\"><\/div>\n\t\t<\/div>\n\t\t\t\t<\/div>\n\t\t\t\t<\/div>\n\t\t\t\t\t\t<\/div>\n\t\t\t\t\t<\/div>\n\t\t<\/div>\n\t\t\t\t\t\t\t\t<\/div>\n\t\t\t\t\t<\/div>\n\t\t<\/section>\n\t\t\t\t<section class=\"elementor-section elementor-top-section elementor-element elementor-element-7a9e21e elementor-section-boxed elementor-section-height-default elementor-section-height-default\" data-id=\"7a9e21e\" data-element_type=\"section\">\n\t\t\t\t\t\t<div class=\"elementor-container elementor-column-gap-default\">\n\t\t\t\t\t\t\t<div class=\"elementor-row\">\n\t\t\t\t\t<div class=\"elementor-column elementor-col-50 elementor-top-column elementor-element elementor-element-fa271a7\" data-id=\"fa271a7\" data-element_type=\"column\">\n\t\t\t<div class=\"elementor-column-wrap elementor-element-populated\">\n\t\t\t\t\t\t\t<div class=\"elementor-widget-wrap\">\n\t\t\t\t\t\t<div class=\"elementor-element elementor-element-25ae1a1 elementor-widget elementor-widget-text-editor\" data-id=\"25ae1a1\" data-element_type=\"widget\" data-widget_type=\"text-editor.default\">\n\t\t\t\t<div class=\"elementor-widget-container\">\n\t\t\t<span id=25ae1a1><\/span>\t\t<div class=\"elementor-text-editor elementor-clearfix\"><ul><li><h1><strong>Optische Sicherheitserkennung <br \/><\/strong><\/h1><\/li><li><h1><strong>passgenaue Konstruktion<\/strong><\/h1><\/li><li><h1>10% weniger R\u00fcckstaudruck<\/h1><\/li><li><h1><strong>weitere Informationen erhalten Sie <a href=\"https:\/\/em-tec.eu\/wp-content\/uploads\/2023\/09\/Flyer-jpg.jpg\">hier<\/a><\/strong><\/h1><\/li><\/ul><div>\u00a0<\/div><\/div>\n\t\t\t\t<\/div>\n\t\t\t\t<\/div>\n\t\t\t\t\t\t<\/div>\n\t\t\t\t\t<\/div>\n\t\t<\/div>\n\t\t\t\t<div class=\"elementor-column elementor-col-50 elementor-top-column elementor-element elementor-element-7c41ad2\" data-id=\"7c41ad2\" data-element_type=\"column\">\n\t\t\t<div class=\"elementor-column-wrap\">\n\t\t\t\t\t\t\t<div class=\"elementor-widget-wrap\">\n\t\t\t\t\t\t\t\t<\/div>\n\t\t\t\t\t<\/div>\n\t\t<\/div>\n\t\t\t\t\t\t\t\t<\/div>\n\t\t\t\t\t<\/div>\n\t\t<\/section>\n\t\t\t\t<section class=\"elementor-section elementor-top-section elementor-element elementor-element-119abfc elementor-section-boxed elementor-section-height-default elementor-section-height-default\" data-id=\"119abfc\" data-element_type=\"section\">\n\t\t\t\t\t\t<div class=\"elementor-container elementor-column-gap-default\">\n\t\t\t\t\t\t\t<div class=\"elementor-row\">\n\t\t\t\t\t<div class=\"elementor-column elementor-col-50 elementor-top-column elementor-element elementor-element-fe22415\" data-id=\"fe22415\" data-element_type=\"column\" data-settings=\"{&quot;background_background&quot;:&quot;classic&quot;}\">\n\t\t\t<div class=\"elementor-column-wrap elementor-element-populated\">\n\t\t\t\t\t\t\t<div class=\"elementor-widget-wrap\">\n\t\t\t\t\t\t<div class=\"elementor-element elementor-element-13a35e8 elementor-widget elementor-widget-wb-before-after-image-slider-elementor\" data-id=\"13a35e8\" data-element_type=\"widget\" data-widget_type=\"wb-before-after-image-slider-elementor.default\">\n\t\t\t\t<div class=\"elementor-widget-container\">\n\t\t\t<span id=13a35e8><\/span>\t\t<div class=\"wb_ebais_twentytwenty_container twentytwenty-container\" id=\"wb_before_after_13a35e8\">\r\n\t\t\t<span class='before_text'>Before<\/span>\r\n\t\t\t<span class='after_text'>After<\/span>\r\n<img width=\"1920\" height=\"1080\" src=\"https:\/\/em-tec.eu\/wp-content\/uploads\/2020\/12\/Wechsler_3.jpg\" class=\"attachment-full size-full\" alt=\"\" loading=\"lazy\" srcset=\"https:\/\/em-tec.eu\/wp-content\/uploads\/2020\/12\/Wechsler_3.jpg 1920w, https:\/\/em-tec.eu\/wp-content\/uploads\/2020\/12\/Wechsler_3-300x169.jpg 300w, https:\/\/em-tec.eu\/wp-content\/uploads\/2020\/12\/Wechsler_3-1024x576.jpg 1024w, https:\/\/em-tec.eu\/wp-content\/uploads\/2020\/12\/Wechsler_3-768x432.jpg 768w, https:\/\/em-tec.eu\/wp-content\/uploads\/2020\/12\/Wechsler_3-1536x864.jpg 1536w\" sizes=\"(max-width: 1920px) 100vw, 1920px\" \/><img width=\"1920\" height=\"1080\" src=\"https:\/\/em-tec.eu\/wp-content\/uploads\/2020\/12\/Wechsler_2.jpg\" class=\"attachment-full size-full\" alt=\"\" loading=\"lazy\" srcset=\"https:\/\/em-tec.eu\/wp-content\/uploads\/2020\/12\/Wechsler_2.jpg 1920w, https:\/\/em-tec.eu\/wp-content\/uploads\/2020\/12\/Wechsler_2-300x169.jpg 300w, https:\/\/em-tec.eu\/wp-content\/uploads\/2020\/12\/Wechsler_2-1024x576.jpg 1024w, https:\/\/em-tec.eu\/wp-content\/uploads\/2020\/12\/Wechsler_2-768x432.jpg 768w, https:\/\/em-tec.eu\/wp-content\/uploads\/2020\/12\/Wechsler_2-1536x864.jpg 1536w\" sizes=\"(max-width: 1920px) 100vw, 1920px\" \/>\t\t<\/div>\r\n\t\t<style>\r\n\t\t\t#wb_before_after_13a35e8{\r\n\t\t\t\tmax-width: auto;\r\n\t\t\t}\r\n\t\t<\/style>\r\n\t\t<\/div>\n\t\t\t\t<\/div>\n\t\t\t\t\t\t<\/div>\n\t\t\t\t\t<\/div>\n\t\t<\/div>\n\t\t\t\t<div class=\"elementor-column elementor-col-50 elementor-top-column elementor-element elementor-element-38def5d\" data-id=\"38def5d\" data-element_type=\"column\">\n\t\t\t<div class=\"elementor-column-wrap elementor-element-populated\">\n\t\t\t\t\t\t\t<div class=\"elementor-widget-wrap\">\n\t\t\t\t\t\t<div class=\"elementor-element elementor-element-856487e elementor-widget elementor-widget-image\" data-id=\"856487e\" data-element_type=\"widget\" data-widget_type=\"image.default\">\n\t\t\t\t<div class=\"elementor-widget-container\">\n\t\t\t<span id=856487e><\/span>\t\t<div class=\"elementor-image\">\n\t\t\t\t\t\t\t\t\t\t<img width=\"1024\" height=\"576\" src=\"https:\/\/em-tec.eu\/wp-content\/uploads\/2020\/12\/Wechsler_4-1024x576.jpg\" class=\"attachment-large size-large\" alt=\"\" loading=\"lazy\" srcset=\"https:\/\/em-tec.eu\/wp-content\/uploads\/2020\/12\/Wechsler_4-1024x576.jpg 1024w, https:\/\/em-tec.eu\/wp-content\/uploads\/2020\/12\/Wechsler_4-300x169.jpg 300w, https:\/\/em-tec.eu\/wp-content\/uploads\/2020\/12\/Wechsler_4-768x432.jpg 768w, https:\/\/em-tec.eu\/wp-content\/uploads\/2020\/12\/Wechsler_4-1536x864.jpg 1536w, https:\/\/em-tec.eu\/wp-content\/uploads\/2020\/12\/Wechsler_4.jpg 1920w\" sizes=\"(max-width: 1024px) 100vw, 1024px\" \/>\t\t\t\t\t\t\t\t\t\t\t<\/div>\n\t\t\t\t<\/div>\n\t\t\t\t<\/div>\n\t\t\t\t\t\t<\/div>\n\t\t\t\t\t<\/div>\n\t\t<\/div>\n\t\t\t\t\t\t\t\t<\/div>\n\t\t\t\t\t<\/div>\n\t\t<\/section>\n\t\t\t\t<section class=\"elementor-section elementor-top-section elementor-element elementor-element-8481175 elementor-section-boxed elementor-section-height-default elementor-section-height-default\" data-id=\"8481175\" data-element_type=\"section\">\n\t\t\t\t\t\t\t<div class=\"elementor-background-overlay\"><\/div>\n\t\t\t\t\t\t\t<div class=\"elementor-container elementor-column-gap-default\">\n\t\t\t\t\t\t\t<div class=\"elementor-row\">\n\t\t\t\t\t<div class=\"elementor-column elementor-col-100 elementor-top-column elementor-element elementor-element-d14217c\" data-id=\"d14217c\" data-element_type=\"column\">\n\t\t\t<div class=\"elementor-column-wrap elementor-element-populated\">\n\t\t\t\t\t\t\t<div class=\"elementor-widget-wrap\">\n\t\t\t\t\t\t<div class=\"elementor-element elementor-element-de3c52e elementor-widget elementor-widget-spacer\" data-id=\"de3c52e\" data-element_type=\"widget\" data-widget_type=\"spacer.default\">\n\t\t\t\t<div class=\"elementor-widget-container\">\n\t\t\t<span id=de3c52e><\/span>\t\t<div class=\"elementor-spacer\">\n\t\t\t<div class=\"elementor-spacer-inner\"><\/div>\n\t\t<\/div>\n\t\t\t\t<\/div>\n\t\t\t\t<\/div>\n\t\t\t\t\t\t<\/div>\n\t\t\t\t\t<\/div>\n\t\t<\/div>\n\t\t\t\t\t\t\t\t<\/div>\n\t\t\t\t\t<\/div>\n\t\t<\/section>\n\t\t\t\t<section class=\"elementor-section elementor-top-section elementor-element elementor-element-c4d39b9 elementor-section-boxed elementor-section-height-default elementor-section-height-default\" data-id=\"c4d39b9\" data-element_type=\"section\">\n\t\t\t\t\t\t<div class=\"elementor-container elementor-column-gap-default\">\n\t\t\t\t\t\t\t<div class=\"elementor-row\">\n\t\t\t\t\t<div class=\"elementor-column elementor-col-50 elementor-top-column elementor-element elementor-element-638e76e\" data-id=\"638e76e\" data-element_type=\"column\">\n\t\t\t<div class=\"elementor-column-wrap elementor-element-populated\">\n\t\t\t\t\t\t\t<div class=\"elementor-widget-wrap\">\n\t\t\t\t\t\t<div class=\"elementor-element elementor-element-ad857f5 elementor-widget elementor-widget-text-editor\" data-id=\"ad857f5\" data-element_type=\"widget\" data-widget_type=\"text-editor.default\">\n\t\t\t\t<div class=\"elementor-widget-container\">\n\t\t\t<span id=ad857f5><\/span>\t\t<div class=\"elementor-text-editor elementor-clearfix\"><ul><li><h1><strong>geh\u00e4rtete Wellen<br \/><\/strong><\/h1><\/li><li><h1><strong>hochfester Stahl<br \/><\/strong><\/h1><\/li><li><h1>einfache Hydraulikf\u00fchrung<\/h1><\/li><li><h1><strong>weitere Informationen erhalten Sie <a href=\"http:\/\/em-tec.eu\/wp-content\/uploads\/2020\/12\/Datenblatt-emtec-Rahmen.jpg\">hier<\/a><\/strong><\/h1><\/li><\/ul><div>\u00a0<\/div><p>\u00a0<\/p><\/div>\n\t\t\t\t<\/div>\n\t\t\t\t<\/div>\n\t\t\t\t\t\t<\/div>\n\t\t\t\t\t<\/div>\n\t\t<\/div>\n\t\t\t\t<div class=\"elementor-column elementor-col-50 elementor-top-column elementor-element elementor-element-53e1180\" data-id=\"53e1180\" data-element_type=\"column\">\n\t\t\t<div class=\"elementor-column-wrap elementor-element-populated\">\n\t\t\t\t\t\t\t<div class=\"elementor-widget-wrap\">\n\t\t\t\t\t\t<div class=\"elementor-element elementor-element-11fcd79 elementor-widget elementor-widget-image\" data-id=\"11fcd79\" data-element_type=\"widget\" data-widget_type=\"image.default\">\n\t\t\t\t<div class=\"elementor-widget-container\">\n\t\t\t<span id=11fcd79><\/span>\t\t<div class=\"elementor-image\">\n\t\t\t\t\t\t\t\t\t\t<img width=\"1413\" height=\"732\" src=\"https:\/\/em-tec.eu\/wp-content\/uploads\/2018\/01\/Schraubadapter-e1607010557510.jpg\" class=\"attachment-2048x2048 size-2048x2048\" alt=\"\" loading=\"lazy\" \/>\t\t\t\t\t\t\t\t\t\t\t<\/div>\n\t\t\t\t<\/div>\n\t\t\t\t<\/div>\n\t\t\t\t\t\t<\/div>\n\t\t\t\t\t<\/div>\n\t\t<\/div>\n\t\t\t\t\t\t\t\t<\/div>\n\t\t\t\t\t<\/div>\n\t\t<\/section>\n\t\t\t\t<section class=\"elementor-section elementor-top-section elementor-element elementor-element-22e3aa8 elementor-section-boxed elementor-section-height-default elementor-section-height-default\" data-id=\"22e3aa8\" data-element_type=\"section\">\n\t\t\t\t\t\t<div class=\"elementor-container elementor-column-gap-default\">\n\t\t\t\t\t\t\t<div class=\"elementor-row\">\n\t\t\t\t\t<div class=\"elementor-column elementor-col-100 elementor-top-column elementor-element elementor-element-bd19632\" data-id=\"bd19632\" data-element_type=\"column\">\n\t\t\t<div class=\"elementor-column-wrap elementor-element-populated\">\n\t\t\t\t\t\t\t<div class=\"elementor-widget-wrap\">\n\t\t\t\t\t\t<div class=\"elementor-element elementor-element-955a12b elementor-widget elementor-widget-spacer\" data-id=\"955a12b\" data-element_type=\"widget\" data-widget_type=\"spacer.default\">\n\t\t\t\t<div class=\"elementor-widget-container\">\n\t\t\t<span id=955a12b><\/span>\t\t<div class=\"elementor-spacer\">\n\t\t\t<div class=\"elementor-spacer-inner\"><\/div>\n\t\t<\/div>\n\t\t\t\t<\/div>\n\t\t\t\t<\/div>\n\t\t\t\t\t\t<\/div>\n\t\t\t\t\t<\/div>\n\t\t<\/div>\n\t\t\t\t\t\t\t\t<\/div>\n\t\t\t\t\t<\/div>\n\t\t<\/section>\n\t\t\t\t<section class=\"elementor-section elementor-top-section elementor-element elementor-element-512e952 elementor-section-boxed elementor-section-height-default elementor-section-height-default\" data-id=\"512e952\" data-element_type=\"section\">\n\t\t\t\t\t\t<div class=\"elementor-container elementor-column-gap-default\">\n\t\t\t\t\t\t\t<div class=\"elementor-row\">\n\t\t\t\t\t<div class=\"elementor-column elementor-col-100 elementor-top-column elementor-element elementor-element-520127b\" data-id=\"520127b\" data-element_type=\"column\">\n\t\t\t<div class=\"elementor-column-wrap\">\n\t\t\t\t\t\t\t<div class=\"elementor-widget-wrap\">\n\t\t\t\t\t\t\t\t<\/div>\n\t\t\t\t\t<\/div>\n\t\t<\/div>\n\t\t\t\t\t\t\t\t<\/div>\n\t\t\t\t\t<\/div>\n\t\t<\/section>\n\t\t\t\t\t\t<\/div>\n\t\t\t\t\t\t<\/div>\n\t\t\t\t\t<\/div>\n\t\t","protected":false},"excerpt":{"rendered":"<p>Zur\u00fcck Weiter NEU: Ein Sicherheitssystem f\u00fcr entspannte Baggerstunden Optische Sicherheitserkennung passgenaue Konstruktion 10% weniger R\u00fcckstaudruck weitere Informationen erhalten Sie hier \u00a0 Before After geh\u00e4rtete Wellen hochfester Stahl einfache Hydraulikf\u00fchrung weitere Informationen erhalten Sie hier \u00a0 \u00a0<\/p>\n","protected":false},"author":1,"featured_media":0,"parent":0,"menu_order":0,"comment_status":"closed","ping_status":"closed","template":"","meta":[],"_links":{"self":[{"href":"https:\/\/em-tec.eu\/index.php?rest_route=\/wp\/v2\/pages\/756"}],"collection":[{"href":"https:\/\/em-tec.eu\/index.php?rest_route=\/wp\/v2\/pages"}],"about":[{"href":"https:\/\/em-tec.eu\/index.php?rest_route=\/wp\/v2\/types\/page"}],"author":[{"embeddable":true,"href":"https:\/\/em-tec.eu\/index.php?rest_route=\/wp\/v2\/users\/1"}],"replies":[{"embeddable":true,"href":"https:\/\/em-tec.eu\/index.php?rest_route=%2Fwp%2Fv2%2Fcomments&post=756"}],"version-history":[{"count":51,"href":"https:\/\/em-tec.eu\/index.php?rest_route=\/wp\/v2\/pages\/756\/revisions"}],"predecessor-version":[{"id":1396,"href":"https:\/\/em-tec.eu\/index.php?rest_route=\/wp\/v2\/pages\/756\/revisions\/1396"}],"wp:attachment":[{"href":"https:\/\/em-tec.eu\/index.php?rest_route=%2Fwp%2Fv2%2Fmedia&parent=756"}],"curies":[{"name":"wp","href":"https:\/\/api.w.org\/{rel}","templated":true}]}}