{"id":616,"date":"2020-12-01T16:37:35","date_gmt":"2020-12-01T16:37:35","guid":{"rendered":"http:\/\/em-tec.eu\/?page_id=616"},"modified":"2020-12-01T16:39:32","modified_gmt":"2020-12-01T16:39:32","slug":"aktuelles","status":"publish","type":"page","link":"https:\/\/em-tec.eu\/?page_id=616","title":{"rendered":"Aktuelles"},"content":{"rendered":"\n<p>Dezember 2020<\/p>\n\n\n\n<p>Mit der neuesten Entwicklung wurde ein vollhydraulischer Schnellwechsler f\u00fcr Bagger mit innovativer Sicherheitseinrichtung gegen das unbeabsichtigte Verlieren von Anbauger\u00e4ten geschaffen. Diese hebt das Sicherheitsniveau von Schnellwechslern auf eine neue Ebene bei gleichzeitig hoher Produktivit\u00e4t des Baggers und seinem Bediener. Durch die integrierte Bauweise der Sicherung gibt es keine st\u00f6renden Konturen, welche den gewohnten Kupplungsprozess zwischen Bagger und Anbauger\u00e4t beeintr\u00e4chtigen, was dieses System sehr robust macht. In vorteilhafter Weise kann dieser Vorgang sogar beschleunigt werden, da die Sicherheitseinrichtung gleichzeitig auch eine Verriegelungsanzeige des Schnellwechslers darstellt. Somit kann sich der Bediener nur auf 1 Anzeige konzentrieren, was zu einer erheblichen Erleichterung im st\u00e4ndigen Wechsel von Anbauger\u00e4ten f\u00fchrt und das merkt man sp\u00e4testens am Abend, wenn man entspannter als sonst die Baggerkabine verl\u00e4sst.<\/p>\n","protected":false},"excerpt":{"rendered":"<p>Dezember 2020 Mit der neuesten Entwicklung wurde ein vollhydraulischer Schnellwechsler f\u00fcr Bagger mit innovativer Sicherheitseinrichtung gegen das unbeabsichtigte Verlieren von Anbauger\u00e4ten geschaffen. Diese hebt das Sicherheitsniveau von Schnellwechslern auf eine neue Ebene bei gleichzeitig hoher Produktivit\u00e4t des Baggers und seinem Bediener. Durch die integrierte Bauweise der Sicherung gibt es keine st\u00f6renden Konturen, welche den gewohnten [&hellip;]<\/p>\n","protected":false},"author":1,"featured_media":0,"parent":0,"menu_order":0,"comment_status":"closed","ping_status":"closed","template":"","meta":[],"_links":{"self":[{"href":"https:\/\/em-tec.eu\/index.php?rest_route=\/wp\/v2\/pages\/616"}],"collection":[{"href":"https:\/\/em-tec.eu\/index.php?rest_route=\/wp\/v2\/pages"}],"about":[{"href":"https:\/\/em-tec.eu\/index.php?rest_route=\/wp\/v2\/types\/page"}],"author":[{"embeddable":true,"href":"https:\/\/em-tec.eu\/index.php?rest_route=\/wp\/v2\/users\/1"}],"replies":[{"embeddable":true,"href":"https:\/\/em-tec.eu\/index.php?rest_route=%2Fwp%2Fv2%2Fcomments&post=616"}],"version-history":[{"count":1,"href":"https:\/\/em-tec.eu\/index.php?rest_route=\/wp\/v2\/pages\/616\/revisions"}],"predecessor-version":[{"id":617,"href":"https:\/\/em-tec.eu\/index.php?rest_route=\/wp\/v2\/pages\/616\/revisions\/617"}],"wp:attachment":[{"href":"https:\/\/em-tec.eu\/index.php?rest_route=%2Fwp%2Fv2%2Fmedia&parent=616"}],"curies":[{"name":"wp","href":"https:\/\/api.w.org\/{rel}","templated":true}]}}