{"id":614,"date":"2020-12-01T16:36:27","date_gmt":"2020-12-01T16:36:27","guid":{"rendered":"http:\/\/em-tec.eu\/?page_id=614"},"modified":"2020-12-09T16:24:56","modified_gmt":"2020-12-09T16:24:56","slug":"produkte","status":"publish","type":"page","link":"https:\/\/em-tec.eu\/?page_id=614","title":{"rendered":"Produkte"},"content":{"rendered":"\n<p>Wir sind Mechaniker und Ingenieure, die ein vielseitiges Fachwissen in innovative Produkte und Komponenten umsetzen. Den Kern unserer Produktion bilden unsere Bagger-Anbauger\u00e4te. Hier sind wir spezialisiert auf die Entwicklung und Produktion von Boden- und Verdichtungsmaschinen.&nbsp; Stahlbau und Hydraulik z\u00e4hlen zu unseren Kernkompetenzen. Zudem sind wir auch in der Ver- und Weiterverarbeitung von St\u00e4hlen und Kunststoffen, wie z.B. CNC- Drehen und Fr\u00e4sen sowie verschiedenste W\u00e4rmebehandlungsverfahren, ihr kompetenter Partner.<\/p>\n\n\n\n<p>Durch unsere Firmenstruktur sind wir in der Lage Ihnen alles aus einer Hand anzubieten, angefangen bei der Entwicklung\/Konstruktion \u00fcber die Produktion bis hin zur Montage.<\/p>\n","protected":false},"excerpt":{"rendered":"<p>Wir sind Mechaniker und Ingenieure, die ein vielseitiges Fachwissen in innovative Produkte und Komponenten umsetzen. Den Kern unserer Produktion bilden unsere Bagger-Anbauger\u00e4te. Hier sind wir spezialisiert auf die Entwicklung und Produktion von Boden- und Verdichtungsmaschinen.&nbsp; Stahlbau und Hydraulik z\u00e4hlen zu unseren Kernkompetenzen. Zudem sind wir auch in der Ver- und Weiterverarbeitung von St\u00e4hlen und Kunststoffen, [&hellip;]<\/p>\n","protected":false},"author":1,"featured_media":0,"parent":0,"menu_order":0,"comment_status":"closed","ping_status":"closed","template":"","meta":[],"_links":{"self":[{"href":"https:\/\/em-tec.eu\/index.php?rest_route=\/wp\/v2\/pages\/614"}],"collection":[{"href":"https:\/\/em-tec.eu\/index.php?rest_route=\/wp\/v2\/pages"}],"about":[{"href":"https:\/\/em-tec.eu\/index.php?rest_route=\/wp\/v2\/types\/page"}],"author":[{"embeddable":true,"href":"https:\/\/em-tec.eu\/index.php?rest_route=\/wp\/v2\/users\/1"}],"replies":[{"embeddable":true,"href":"https:\/\/em-tec.eu\/index.php?rest_route=%2Fwp%2Fv2%2Fcomments&post=614"}],"version-history":[{"count":1,"href":"https:\/\/em-tec.eu\/index.php?rest_route=\/wp\/v2\/pages\/614\/revisions"}],"predecessor-version":[{"id":615,"href":"https:\/\/em-tec.eu\/index.php?rest_route=\/wp\/v2\/pages\/614\/revisions\/615"}],"wp:attachment":[{"href":"https:\/\/em-tec.eu\/index.php?rest_route=%2Fwp%2Fv2%2Fmedia&parent=614"}],"curies":[{"name":"wp","href":"https:\/\/api.w.org\/{rel}","templated":true}]}}