{"id":612,"date":"2020-12-01T16:33:57","date_gmt":"2020-12-01T16:33:57","guid":{"rendered":"http:\/\/em-tec.eu\/?page_id=612"},"modified":"2020-12-01T19:00:06","modified_gmt":"2020-12-01T19:00:06","slug":"wer-wir-sind","status":"publish","type":"page","link":"https:\/\/em-tec.eu\/?page_id=612","title":{"rendered":"Wer wir sind"},"content":{"rendered":"\t\t<div data-elementor-type=\"wp-page\" data-elementor-id=\"612\" class=\"elementor elementor-612\" data-elementor-settings=\"[]\">\n\t\t\t\t\t\t<div class=\"elementor-inner\">\n\t\t\t\t\t\t\t<div class=\"elementor-section-wrap\">\n\t\t\t\t\t\t\t<section class=\"elementor-section elementor-top-section elementor-element elementor-element-e413bbc elementor-section-boxed elementor-section-height-default elementor-section-height-default\" data-id=\"e413bbc\" data-element_type=\"section\">\n\t\t\t\t\t\t<div class=\"elementor-container elementor-column-gap-default\">\n\t\t\t\t\t\t\t<div class=\"elementor-row\">\n\t\t\t\t\t<div class=\"elementor-column elementor-col-100 elementor-top-column elementor-element elementor-element-fe92669\" data-id=\"fe92669\" data-element_type=\"column\">\n\t\t\t<div class=\"elementor-column-wrap\">\n\t\t\t\t\t\t\t<div class=\"elementor-widget-wrap\">\n\t\t\t\t\t\t\t\t<\/div>\n\t\t\t\t\t<\/div>\n\t\t<\/div>\n\t\t\t\t\t\t\t\t<\/div>\n\t\t\t\t\t<\/div>\n\t\t<\/section>\n\t\t\t\t<section class=\"elementor-section elementor-top-section elementor-element elementor-element-38c1404 elementor-section-boxed elementor-section-height-default elementor-section-height-default\" data-id=\"38c1404\" data-element_type=\"section\">\n\t\t\t\t\t\t<div class=\"elementor-container elementor-column-gap-default\">\n\t\t\t\t\t\t\t<div class=\"elementor-row\">\n\t\t\t\t\t<div class=\"elementor-column elementor-col-100 elementor-top-column elementor-element elementor-element-884118d\" data-id=\"884118d\" data-element_type=\"column\">\n\t\t\t<div class=\"elementor-column-wrap\">\n\t\t\t\t\t\t\t<div class=\"elementor-widget-wrap\">\n\t\t\t\t\t\t\t\t<\/div>\n\t\t\t\t\t<\/div>\n\t\t<\/div>\n\t\t\t\t\t\t\t\t<\/div>\n\t\t\t\t\t<\/div>\n\t\t<\/section>\n\t\t\t\t<section class=\"elementor-section elementor-top-section elementor-element elementor-element-6993d9e8 elementor-section-boxed elementor-section-height-default elementor-section-height-default\" data-id=\"6993d9e8\" data-element_type=\"section\">\n\t\t\t\t\t\t<div class=\"elementor-container elementor-column-gap-default\">\n\t\t\t\t\t\t\t<div class=\"elementor-row\">\n\t\t\t\t\t<div class=\"elementor-column elementor-col-100 elementor-top-column elementor-element elementor-element-41db8246\" data-id=\"41db8246\" data-element_type=\"column\">\n\t\t\t<div class=\"elementor-column-wrap elementor-element-populated\">\n\t\t\t\t\t\t\t<div class=\"elementor-widget-wrap\">\n\t\t\t\t\t\t<div class=\"elementor-element elementor-element-f8177a4 elementor-widget elementor-widget-text-editor\" data-id=\"f8177a4\" data-element_type=\"widget\" data-widget_type=\"text-editor.default\">\n\t\t\t\t<div class=\"elementor-widget-container\">\n\t\t\t<span id=f8177a4><\/span>\t\t<div class=\"elementor-text-editor elementor-clearfix\"><p><!-- wp:paragraph --><\/p>\n<p>Als Familienbetrieb sind wir seit 2014 auf der schw\u00e4bischen Alb, mitten im sch\u00f6nen Biosph\u00e4rengebiet t\u00e4tig. Wir konstruieren und fertigen hydraulische Adapter f\u00fcr Baggeranbauger\u00e4te. Dies umfasst insbesondere auch viele Sonderanwendungen, welche individuell in Absprache f\u00fcr unsere Kunden entwickelt und umgesetzt werden. Einige Beispiele sehen Sie hier aus unserer Mediathek. <\/p>\n<p><!-- \/wp:paragraph --><\/p><\/div>\n\t\t\t\t<\/div>\n\t\t\t\t<\/div>\n\t\t\t\t\t\t<\/div>\n\t\t\t\t\t<\/div>\n\t\t<\/div>\n\t\t\t\t\t\t\t\t<\/div>\n\t\t\t\t\t<\/div>\n\t\t<\/section>\n\t\t\t\t<section class=\"elementor-section elementor-top-section elementor-element elementor-element-a9e696f elementor-section-boxed elementor-section-height-default elementor-section-height-default\" data-id=\"a9e696f\" data-element_type=\"section\">\n\t\t\t\t\t\t<div class=\"elementor-container elementor-column-gap-default\">\n\t\t\t\t\t\t\t<div class=\"elementor-row\">\n\t\t\t\t\t<div class=\"elementor-column elementor-col-100 elementor-top-column elementor-element elementor-element-9786c1f\" data-id=\"9786c1f\" data-element_type=\"column\">\n\t\t\t<div class=\"elementor-column-wrap elementor-element-populated\">\n\t\t\t\t\t\t\t<div class=\"elementor-widget-wrap\">\n\t\t\t\t\t\t<section class=\"elementor-section elementor-inner-section elementor-element elementor-element-6d41d91 elementor-section-boxed elementor-section-height-default elementor-section-height-default\" data-id=\"6d41d91\" data-element_type=\"section\">\n\t\t\t\t\t\t<div class=\"elementor-container elementor-column-gap-default\">\n\t\t\t\t\t\t\t<div class=\"elementor-row\">\n\t\t\t\t\t<div class=\"elementor-column elementor-col-50 elementor-inner-column elementor-element elementor-element-d3338cf\" data-id=\"d3338cf\" data-element_type=\"column\">\n\t\t\t<div class=\"elementor-column-wrap elementor-element-populated\">\n\t\t\t\t\t\t\t<div class=\"elementor-widget-wrap\">\n\t\t\t\t\t\t<div class=\"elementor-element elementor-element-df4cdbf elementor-widget elementor-widget-image\" data-id=\"df4cdbf\" data-element_type=\"widget\" data-widget_type=\"image.default\">\n\t\t\t\t<div class=\"elementor-widget-container\">\n\t\t\t<span id=df4cdbf><\/span>\t\t<div class=\"elementor-image\">\n\t\t\t\t\t\t\t\t\t\t<img width=\"893\" height=\"596\" src=\"https:\/\/em-tec.eu\/wp-content\/uploads\/2018\/01\/L\u00f6ffel-3.jpg\" class=\"attachment-large size-large\" alt=\"\" loading=\"lazy\" srcset=\"https:\/\/em-tec.eu\/wp-content\/uploads\/2018\/01\/L\u00f6ffel-3.jpg 893w, https:\/\/em-tec.eu\/wp-content\/uploads\/2018\/01\/L\u00f6ffel-3-300x200.jpg 300w, https:\/\/em-tec.eu\/wp-content\/uploads\/2018\/01\/L\u00f6ffel-3-768x513.jpg 768w, https:\/\/em-tec.eu\/wp-content\/uploads\/2018\/01\/L\u00f6ffel-3-272x182.jpg 272w\" sizes=\"(max-width: 893px) 100vw, 893px\" \/>\t\t\t\t\t\t\t\t\t\t\t<\/div>\n\t\t\t\t<\/div>\n\t\t\t\t<\/div>\n\t\t\t\t\t\t<\/div>\n\t\t\t\t\t<\/div>\n\t\t<\/div>\n\t\t\t\t<div class=\"elementor-column elementor-col-50 elementor-inner-column elementor-element elementor-element-f73ea94\" data-id=\"f73ea94\" data-element_type=\"column\">\n\t\t\t<div class=\"elementor-column-wrap elementor-element-populated\">\n\t\t\t\t\t\t\t<div class=\"elementor-widget-wrap\">\n\t\t\t\t\t\t<div class=\"elementor-element elementor-element-2258edf elementor-widget elementor-widget-image\" data-id=\"2258edf\" data-element_type=\"widget\" data-widget_type=\"image.default\">\n\t\t\t\t<div class=\"elementor-widget-container\">\n\t\t\t<span id=2258edf><\/span>\t\t<div class=\"elementor-image\">\n\t\t\t\t\t\t\t\t\t\t<img width=\"848\" height=\"608\" src=\"https:\/\/em-tec.eu\/wp-content\/uploads\/2017\/03\/780x848.jpg\" class=\"attachment-2048x2048 size-2048x2048\" alt=\"\" loading=\"lazy\" srcset=\"https:\/\/em-tec.eu\/wp-content\/uploads\/2017\/03\/780x848.jpg 848w, https:\/\/em-tec.eu\/wp-content\/uploads\/2017\/03\/780x848-300x215.jpg 300w, https:\/\/em-tec.eu\/wp-content\/uploads\/2017\/03\/780x848-768x551.jpg 768w\" sizes=\"(max-width: 848px) 100vw, 848px\" \/>\t\t\t\t\t\t\t\t\t\t\t<\/div>\n\t\t\t\t<\/div>\n\t\t\t\t<\/div>\n\t\t\t\t\t\t<\/div>\n\t\t\t\t\t<\/div>\n\t\t<\/div>\n\t\t\t\t\t\t\t\t<\/div>\n\t\t\t\t\t<\/div>\n\t\t<\/section>\n\t\t\t\t\t\t<\/div>\n\t\t\t\t\t<\/div>\n\t\t<\/div>\n\t\t\t\t\t\t\t\t<\/div>\n\t\t\t\t\t<\/div>\n\t\t<\/section>\n\t\t\t\t\t\t<\/div>\n\t\t\t\t\t\t<\/div>\n\t\t\t\t\t<\/div>\n\t\t","protected":false},"excerpt":{"rendered":"<p>Als Familienbetrieb sind wir seit 2014 auf der schw\u00e4bischen Alb, mitten im sch\u00f6nen Biosph\u00e4rengebiet t\u00e4tig. Wir konstruieren und fertigen hydraulische Adapter f\u00fcr Baggeranbauger\u00e4te. Dies umfasst insbesondere auch viele Sonderanwendungen, welche individuell in Absprache f\u00fcr unsere Kunden entwickelt und umgesetzt werden. Einige Beispiele sehen Sie hier aus unserer Mediathek.<\/p>\n","protected":false},"author":1,"featured_media":0,"parent":0,"menu_order":0,"comment_status":"closed","ping_status":"closed","template":"","meta":[],"_links":{"self":[{"href":"https:\/\/em-tec.eu\/index.php?rest_route=\/wp\/v2\/pages\/612"}],"collection":[{"href":"https:\/\/em-tec.eu\/index.php?rest_route=\/wp\/v2\/pages"}],"about":[{"href":"https:\/\/em-tec.eu\/index.php?rest_route=\/wp\/v2\/types\/page"}],"author":[{"embeddable":true,"href":"https:\/\/em-tec.eu\/index.php?rest_route=\/wp\/v2\/users\/1"}],"replies":[{"embeddable":true,"href":"https:\/\/em-tec.eu\/index.php?rest_route=%2Fwp%2Fv2%2Fcomments&post=612"}],"version-history":[{"count":4,"href":"https:\/\/em-tec.eu\/index.php?rest_route=\/wp\/v2\/pages\/612\/revisions"}],"predecessor-version":[{"id":679,"href":"https:\/\/em-tec.eu\/index.php?rest_route=\/wp\/v2\/pages\/612\/revisions\/679"}],"wp:attachment":[{"href":"https:\/\/em-tec.eu\/index.php?rest_route=%2Fwp%2Fv2%2Fmedia&parent=612"}],"curies":[{"name":"wp","href":"https:\/\/api.w.org\/{rel}","templated":true}]}}