{"id":346,"date":"2020-11-13T10:04:24","date_gmt":"2020-11-13T10:04:24","guid":{"rendered":"http:\/\/em-tec.eu\/?page_id=346"},"modified":"2020-12-14T19:20:37","modified_gmt":"2020-12-14T19:20:37","slug":"kontakt","status":"publish","type":"page","link":"https:\/\/em-tec.eu\/?page_id=346","title":{"rendered":"Kontakt"},"content":{"rendered":"<h3 style=\"text-align: left;\">Anschrift<\/h3>\n<p>emtec Engineering &amp; Maschinentechnik GmbH<br \/>\nSchlo\u00dfrainstr. 15<br \/>\n72525 M\u00fcnsingen<\/p>\n<p>Tel.:&nbsp; 07383 9493592<br \/>\nFax.: 07383 9493593<br \/>\n<a href=\"mailto:info@em-tec.eu\">info@em-tec.eu<\/a><br \/>\n<a href=\"https:\/\/em-tec.eu\/\">www.em-tec.eu<\/a><\/p>\n<p>&nbsp;<\/p>\n<h3>Gesch\u00e4ftsf\u00fchrung<\/h3>\n<p>Manuel Splittgerber<\/p>\n<p>&nbsp;<\/p>\n<h3 style=\"text-align: left;\">Registergericht<\/h3>\n<p>Amtsgericht Stuttgart<br \/>\nHRB 752205<\/p>\n<p>USt-IdNr.: DE299867780<\/p>\n","protected":false},"excerpt":{"rendered":"<p>Anschrift emtec Engineering &amp; Maschinentechnik GmbH Schlo\u00dfrainstr. 15 72525 M\u00fcnsingen Tel.:&nbsp; 07383 9493592 Fax.: 07383 9493593 info@em-tec.eu www.em-tec.eu &nbsp; Gesch\u00e4ftsf\u00fchrung Manuel Splittgerber &nbsp; Registergericht Amtsgericht Stuttgart HRB 752205 USt-IdNr.: DE299867780<\/p>\n","protected":false},"author":1,"featured_media":0,"parent":0,"menu_order":0,"comment_status":"closed","ping_status":"closed","template":"","meta":[],"_links":{"self":[{"href":"https:\/\/em-tec.eu\/index.php?rest_route=\/wp\/v2\/pages\/346"}],"collection":[{"href":"https:\/\/em-tec.eu\/index.php?rest_route=\/wp\/v2\/pages"}],"about":[{"href":"https:\/\/em-tec.eu\/index.php?rest_route=\/wp\/v2\/types\/page"}],"author":[{"embeddable":true,"href":"https:\/\/em-tec.eu\/index.php?rest_route=\/wp\/v2\/users\/1"}],"replies":[{"embeddable":true,"href":"https:\/\/em-tec.eu\/index.php?rest_route=%2Fwp%2Fv2%2Fcomments&post=346"}],"version-history":[{"count":12,"href":"https:\/\/em-tec.eu\/index.php?rest_route=\/wp\/v2\/pages\/346\/revisions"}],"predecessor-version":[{"id":418,"href":"https:\/\/em-tec.eu\/index.php?rest_route=\/wp\/v2\/pages\/346\/revisions\/418"}],"wp:attachment":[{"href":"https:\/\/em-tec.eu\/index.php?rest_route=%2Fwp%2Fv2%2Fmedia&parent=346"}],"curies":[{"name":"wp","href":"https:\/\/api.w.org\/{rel}","templated":true}]}}